{"id":30312,"date":"2025-02-21T12:26:24","date_gmt":"2025-02-21T11:26:24","guid":{"rendered":"https:\/\/autocampjami.sk\/booking-form\/"},"modified":"2025-02-21T12:26:24","modified_gmt":"2025-02-21T11:26:24","slug":"booking-form","status":"publish","type":"page","link":"https:\/\/autocampjami.sk\/en\/booking-form\/","title":{"rendered":"Booking form"},"content":{"rendered":" <div id=\"form_id663091580168\"  class=\"wpbc_container wpbc_form wpbc_container_booking_form  \" ><form  id=\"booking_form1\"   class=\"booking_form vertical\" method=\"post\" action=\"\"><div id=\"ajax_respond_insert1\" class=\"ajax_respond_insert\" style=\"display:none;\"><\/div><a name=\"bklnk1\" id=\"bklnk1\"><\/a><div id=\"booking_form_div1\" class=\"booking_form_div\"><style type=\"text\/css\">.wpbc_container_booking_form .block_hints, .wpbc_booking_form_simple.wpbc_form_center .wpbc__form__div .wpbc__row.wpbc_r_calendar, .wpbc_booking_form_simple .wpbc__form__div .wpbc__row:not(.wpbc_r_calendar){max-width:100%;} <\/style>\r\n<div class=\"wpbc_booking_form_simple \">\r\n  <div class=\"wpbc_wizard_step wpbc__form__div wpbc_wizard_step1\">\r\n    <div class=\"wpbc__row\">\r\n\t\t<div style=\"margin-top:0;\" class=\"wpbc__field\"> \r\n\t\t\t<div class=\"wpbc_r_calendar wpbc__row\">\r\n\t\t\t\t<div class=\"wpbc_r_calendar wpbc__field\"> <label><\/label><br><div class=\"wpbc_calendar_wraper wpbc_change_over_triangle\"><div class=\"wpbc_cal_container bk_calendar_frame wpbc_no_custom_width  months_num_in_row_ cal_month_num_1\" style=\"\"><div id=\"calendar_booking1\">Calendar is loading...<\/div><\/div><textarea id=\"date_booking1\" name=\"date_booking1\" autocomplete=\"off\" style=\"display:none;\"><\/textarea><div class=\"block_hints datepick \"><div class=\"wpdev_hint_with_text\"><div class=\"\"><div class=\"datepick-inline wpbc_calendar_legend_table_width_height\"><table class=\"datepick wpbc_calendar\" style=\"\"><tbody><tr><td class=\"datepick-days-cell date_available wpbc_calendar_legend_day_cell_height\"><div class=\"wpbc-cell-box\">\t<div class=\"date-cell-content\">\t\t<div class=\"date-content-top\"><\/div>\t\t<a>02<\/a>\t\t<div class=\"date-content-bottom\"><\/div>\t<\/div><\/div><\/td><\/tr><\/tbody><\/table><\/div><\/div><div class=\"block_text\">- <\/div><div class=\"block_text\">free<\/div><\/div><div class=\"wpdev_hint_with_text\"><div class=\"\"><div class=\"datepick-inline wpbc_calendar_legend_table_width_height\"><table class=\"datepick wpbc_calendar\" style=\"\"><tbody><tr><td class=\"datepick-days-cell datepick-unselectable date_user_unavailable full_day_booking date_approved wpbc_calendar_legend_day_cell_height\"><div class=\"wpbc-cell-box\">\t<div class=\"date-cell-content\">\t\t<div class=\"date-content-top\"><\/div>\t\t<span>02<\/span>\t\t<div class=\"date-content-bottom\"><\/div>\t<\/div><\/div><\/td><\/tr><\/tbody><\/table><\/div><\/div><div class=\"block_text\">- <\/div><div class=\"block_text\">Rezerved<\/div><\/div><div class=\"wpdev_hint_with_text\"><div class=\"\"><div class=\"datepick-inline wpbc_calendar_legend_table_width_height\"><table class=\"datepick wpbc_calendar\" style=\"\"><tbody><tr><td class=\"datepick-days-cell datepick-unselectable date_user_unavailable full_day_booking date2approve wpbc_calendar_legend_day_cell_height\"><div class=\"wpbc-cell-box\">\t<div class=\"date-cell-content\">\t\t<div class=\"date-content-top\"><\/div>\t\t<span>02<\/span>\t\t<div class=\"date-content-bottom\"><\/div>\t<\/div><\/div><\/td><\/tr><\/tbody><\/table><\/div><\/div><div class=\"block_text\">- <\/div><div class=\"block_text\">Pre-booked<\/div><\/div><div class=\"wpdev_hint_with_text\"><div class=\"\"><span class=\" wpbc_change_over_triangle\"><div class=\"datepick-inline wpbc_calendar_legend_table_width_height\"><table class=\"datepick wpbc_calendar\" style=\"\"><tbody><tr><td class=\"datepick-days-cell date_available date_approved timespartly check_in_time check_in_time_date_approved wpbc_calendar_legend_day_cell_height\"><div class=\"wpbc-cell-box\">\t<div class=\"wpbc-diagonal-el\">\t\t<div class=\"wpbc-co-out\"><svg height=\"100%\" width=\"100%\" viewBox=\"0 0 100 100\" preserveAspectRatio=\"none\"><polygon points=\"0,0 0,99 99,0\"><\/polygon><polygon points=\"0,0 0,100 49,100 49,0\"><\/polygon><\/svg><\/div>\t\t<div class=\"wpbc-co-in\"><svg height=\"100%\" width=\"100%\" viewBox=\"0 0 98 98\" preserveAspectRatio=\"none\"><polygon points=\"0,99 99,99 99,0\"><\/polygon><polygon points=\"50,98 98,98 98,0 50,0\"><\/polygon><\/svg><\/div>\t<\/div>\t<div class=\"date-cell-content\">\t\t<div class=\"date-content-top\"><div class=\"wpbc_time_dots\">\u00b7<\/div><\/div>\t\t<a>02<\/a>\t\t<div class=\"date-content-bottom\"><\/div>\t<\/div><\/div><\/td><\/tr><\/tbody><\/table><\/div><\/span><\/div><div class=\"block_text\">- <\/div><div class=\"block_text\">Arrival<\/div><\/div><div class=\"wpdev_hint_with_text\"><div class=\"\"><span class=\" wpbc_change_over_triangle\"><div class=\"datepick-inline wpbc_calendar_legend_table_width_height\"><table class=\"datepick wpbc_calendar\" style=\"\"><tbody><tr><td class=\"datepick-days-cell date_available date_approved timespartly check_in_time check_in_time_date_approved wpbc_calendar_legend_day_cell_height\"><div class=\"wpbc-cell-box\">\t<div class=\"wpbc-diagonal-el\" style=\"transform:rotate(180deg)\">\t\t<div class=\"wpbc-co-out\"><svg height=\"100%\" width=\"100%\" viewBox=\"0 0 100 100\" preserveAspectRatio=\"none\"><polygon points=\"0,0 0,99 99,0\"><\/polygon><polygon points=\"0,0 0,100 49,100 49,0\"><\/polygon><\/svg><\/div>\t\t<div class=\"wpbc-co-in\"><svg height=\"100%\" width=\"100%\" viewBox=\"0 0 98 98\" preserveAspectRatio=\"none\"><polygon points=\"0,99 99,99 99,0\"><\/polygon><polygon points=\"50,98 98,98 98,0 50,0\"><\/polygon><\/svg><\/div>\t<\/div>\t<div class=\"date-cell-content\">\t\t<div class=\"date-content-top\"><div class=\"wpbc_time_dots\">\u00b7<\/div><\/div>\t\t<a>02<\/a>\t\t<div class=\"date-content-bottom\"><\/div>\t<\/div><\/div><\/td><\/tr><\/tbody><\/table><\/div><\/span><\/div><div class=\"block_text\">- <\/div><div class=\"block_text\">Partially booked2<\/div><\/div><\/div><\/div> <\/div>\r\n\t\t\t<\/div>\r\n\t\t<\/div>\r\n    <\/div>\r\n    <hr><div class=\"wpbc__row\">\r\n\t\t\t<div class=\"wpbc__field\" style=\"justify-content: flex-end;\">\r\n     \t\t\t<a class=\"wpbc_button_light wpbc_wizard_step_button wpbc_wizard_step_2\" >\r\n\t\t\t\tDal\u0161\u00ed krok\r\n\t\t\t\t<\/a>\r\n\t\t\t<\/div>\r\n    <\/div>\r\n  <\/div>\r\n  <div class=\"wpbc_wizard_step wpbc__form__div wpbc_wizard_step2 wpbc_wizard_step_hidden\" style=\"display:none;clear:both;\">\r\n<div class=\"wpbc__form__div\">\r\n\t\t\t<div class=\"wpbc__row\">\r\n\t\t\t\t<div class=\"wpbc_r_name wpbc__field\"> <label>Meno*<\/label><br><span class=\"wpbc_wrap_text wpdev-form-control-wrap name1\"><input type=\"text\" name=\"name1\" value=\"\" autocomplete=\"name\" class=\"wpdev-validates-as-required\" size=\"40\" \/><\/span> <\/div>\r\n\r\n\t\t\t\t<div class=\"wpbc_r_secondname wpbc__field\"> <label>Priezvisko*<\/label><br><span class=\"wpbc_wrap_text wpdev-form-control-wrap secondname1\"><input type=\"text\" name=\"secondname1\" value=\"\" autocomplete=\"secondname\" class=\"wpdev-validates-as-required\" size=\"40\" \/><\/span> <\/div>\r\n\t\t\t<\/div>\r\n\t\t\t<div class=\"wpbc__row\">\r\n\t\t\t\t<div class=\"wpbc_r_email wpbc__field\"> <label>Email*<\/label><br><span class=\"wpbc_wrap_text wpdev-form-control-wrap email1\"><input type=\"email\" name=\"email1\" value=\"\" autocomplete=\"email\" class=\"wpdev-validates-as-email wpdev-validates-as-required\" size=\"40\" \/><\/span> <\/div>\r\n\r\n\t\t\t\t<div class=\"wpbc_r_phone wpbc__field\"> <label>Tel. \u010d\u00edslo<\/label><br><span class=\"wpbc_wrap_text wpdev-form-control-wrap phone1\"><input type=\"text\" name=\"phone1\" value=\"\" autocomplete=\"phone\" size=\"40\" \/><\/span> <\/div>\r\n\t\t\t<\/div>\r\n\t\t\t<div class=\"wpbc__row\">\r\n\t\t\t\t<div class=\"wpbc_r_details wpbc__field\"> <label>Spr\u00e1va<\/label><br><span class=\"wpbc_wrap_textarea wpdev-form-control-wrap details1\"><textarea name=\"details1\" autocomplete=\"details\"><\/textarea><\/span> <\/div>\r\n\t\t\t<\/div>\r\n\t\t\t<div class=\"wpbc__row\">\r\n\t\t\t\t<div class=\"wpbc_r_street wpbc__field\"> <label>Ulica*<\/label><br><span class=\"wpbc_wrap_text wpdev-form-control-wrap street1\"><input type=\"text\" name=\"street1\" value=\"\" autocomplete=\"street\" class=\"wpdev-validates-as-required\" size=\"40\" \/><\/span> <\/div>\r\n\t\t\t\t<div class=\"wpbc_r_city wpbc__field\"> <label>Mesto*<\/label><br><span class=\"wpbc_wrap_text wpdev-form-control-wrap city1\"><input type=\"text\" name=\"city1\" value=\"\" autocomplete=\"city\" class=\"wpdev-validates-as-required\" size=\"40\" \/><\/span> <\/div>\r\n\t\t\t<\/div>\r\n\t\t\t<div class=\"wpbc__row\">\r\n\t\t\t\t<div class=\"wpbc_r_zip wpbc__field\"> <label>PS\u010c*<\/label><br><span class=\"wpbc_wrap_text wpdev-form-control-wrap zip1\"><input type=\"text\" name=\"zip1\" value=\"\" autocomplete=\"zip\" class=\"wpdev-validates-as-required\" size=\"40\" \/><\/span> <\/div>\r\n\t\t\t\t<div class=\"wpbc_r_country wpbc__field\"> <label>Krajina*<\/label><br><span class=\"wpbc_wrap_text wpdev-form-control-wrap country1\"><input type=\"text\" name=\"country1\" value=\"\" autocomplete=\"country\" class=\"wpdev-validates-as-required\" size=\"40\" \/><\/span> <\/div>\r\n\t\t\t<\/div>\r\n\t\t\t<div class=\"wpbc__row\">\r\n\t\t\t\t<div class=\"wpbc_r_agreement_gdpr wpbc__field\"> <span class=\"wpbc_wrap_checkbox wpdev-form-control-wrap agreement_gdpr1\"><span autocomplete=\"agreement_gdpr\" class=\"wpdev-validates-as-required wpdev-checkbox\"><span class=\"wpdev-list-item\"><input  autocomplete=\"agreement_gdpr\" class=\"wpdev-validates-as-required wpdev-checkbox\" id=\"checkboxid177772541601271\"  onchange=\"javascript:if(typeof( showCostHintInsideBkForm ) == 'function') {  showCostHintInsideBkForm(1);}\"  type=\"checkbox\"  name=\"agreement_gdpr1[]\"  value=\"S\u00fahlas\u00edm s podmienkami\" \/><label for=\"checkboxid177772541601271\"  class=\"wpdev-list-item-label\">S\u00fahlas\u00edm s podmienkami<\/label><\/span><\/span><\/span> <\/div>\r\n\t\t\t<\/div>\r\n\t\t\t<div class=\"wpbc__row\">\r\n\t\t\t\t<div id=\"agreement_voucher\" class=\"wpbc_r_agreement_voucher wpbc__field\"> <span class=\"wpbc_wrap_checkbox wpdev-form-control-wrap agreement_voucher1\"><span autocomplete=\"agreement_voucher\" class=\"wpdev-checkbox\"><span class=\"wpdev-list-item\"><input  autocomplete=\"agreement_voucher\" class=\"wpdev-checkbox\" id=\"checkboxid177772541603249\"  onchange=\"javascript:if(typeof( showCostHintInsideBkForm ) == 'function') {  showCostHintInsideBkForm(1);}\"  type=\"checkbox\"  name=\"agreement_voucher1[]\"  value=\"Chcem si uplatni\u0165 rekrea\u010dn\u00fd poukaz\" \/><label for=\"checkboxid177772541603249\"  class=\"wpdev-list-item-label\">Chcem si uplatni\u0165 rekrea\u010dn\u00fd poukaz<\/label><\/span><\/span><\/span> <\/div>\r\n\t\t\t<\/div>\r\n\t\t\t\t<div class=\"wpbc__row\">\r\n\t\t\t\t<div class=\"wpbc_r_price wpbc__field\"><b>Celkov\u00e1 cena:<\/b>&nbsp;<span  class=\"wpbc_field_hint\" id=\"booking_hint1\"><span class=\"wpbc-cost-amount\">0.00&nbsp;<span class=\"wpbc-currency-symbol\">&euro;<\/span><\/span><\/span><input class=\"wpbc_field_hint\" id=\"cost_hint1\" name=\"cost_hint1\" value=\"0.00\" style=\"display:none;\" type=\"text\" \/> <\/div>\r\n\t\t\t<\/div>\r\n\t \r\n<\/div>\r\n    <hr><div class=\"wpbc__row\">\r\n      <div class=\"wpbc__field\" style=\"justify-content: flex-end;\">\r\n\t\t\t<a class=\"wpbc_button_light wpbc_wizard_step_button wpbc_wizard_step_1\">Vr\u00e1ti\u0165 sa sp\u00e4\u0165<\/a>&nbsp;&nbsp;&nbsp;\r\n<input type=\"button\" value=\"Dokon\u010di\u0165 a zaplati\u0165\" class=\"wpbc_button_light btn\" onclick=\"mybooking_submit(this.form,1, 'en_US' );\" \/> \u00a0 \u00a0 \u00a0<\/div>\r\n    <\/div>\r\n  <\/div>\r\n<\/div><script type=\"text\/javascript\">(function() { var a = setInterval( function() {  if ( ( 'undefined' === typeof _wpbc ) || ( 'undefined' === typeof jQuery ) || ! window.jQuery ) { return; } clearInterval( a ); jQuery( document ).ready( function (){\t\tmoveOptionalElementsToGarbage( 1 );\r\n\t} ); }, 500 ); })();<\/script><script type=\"text\/javascript\">(function() { var a = setInterval( function() {  if ( ( 'undefined' === typeof _wpbc ) || ( 'undefined' === typeof jQuery ) || ! window.jQuery ) { return; } clearInterval( a ); jQuery( document ).ready( function (){\t\t_wpbc.seasons__set( 1, [] );\r\n\t} ); }, 500 ); })();<\/script><input name=\"starttime1\" id=\"starttime1\" type=\"text\" value=\"22:00\" style=\"display:none;\"><input name=\"endtime1\" id=\"endtime1\" type=\"text\" value=\"10:00\" style=\"display:none;\"><input id=\"bk_type1\" name=\"bk_type1\" class=\"\" type=\"hidden\" value=\"1\" \/><\/div><div id=\"submiting1\"><\/div><div class=\"form_bk_messages\" id=\"form_bk_messages1\" ><\/div><input type=\"hidden\" id=\"wpbc_nonceCALCULATE_THE_COST1\" name=\"wpbc_nonceCALCULATE_THE_COST1\" value=\"3f84ae65a8\" \/><input type=\"hidden\" name=\"_wp_http_referer\" value=\"\/en\/wp-json\/wp\/v2\/pages\/30312\" \/><\/form><\/div><div id=\"booking_form_garbage1\" class=\"booking_form_garbage\"><\/div><script type=\"text\/javascript\"> (function() { var a = setInterval( function() {  if ( ( 'undefined' === typeof _wpbc ) || ( 'undefined' === typeof jQuery ) || ! window.jQuery ) { return; } clearInterval( a ); jQuery( document ).ready( function (){ jQuery(\".widget_wpdev_booking .booking_form.form-horizontal\").removeClass(\"form-horizontal\");\n                                    var visible_calendars_count = _wpbc.get_other_param( \"calendars__on_this_page\" ).length;\n                                    if (visible_calendars_count !== null ) {\n                                        for (var i=0;i< visible_calendars_count ;i++){\n                                          if ( _wpbc.get_other_param( \"calendars__on_this_page\" )[i] === 1 ) {\n                                              document.getElementById(\"form_id663091580168\").innerHTML = \"<span style='color:#A00;font-size:10px;'>Warning! Booking calendar for this booking resource are already at the page, please check more about this issue at this page: https:\/\/wpbookingcalendar.com\/faq\/why-the-booking-calendar-widget-not-show-on-page\/<\/span>\";                                                                                                  \n                                              jQuery(\"#form_id663091580168\").animate( {opacity: 1}, 10000 ).fadeOut(5000);\n                                              return;\n                                          }\n                                        }\n                                        _wpbc.get_other_param( \"calendars__on_this_page\" )[ visible_calendars_count ]=1;\n                                    } } ); }, 500 ); })();<\/script> <script type=\"text\/javascript\"> (function() { var a = setInterval( function() {  if ( ( 'undefined' === typeof _wpbc ) || ( 'undefined' === typeof jQuery ) || ! window.jQuery ) { return; } clearInterval( a ); jQuery( document ).ready( function (){ _wpbc.balancer__set_max_threads( 3 );  _wpbc.calendar__set_param_value( 1 , 'calendar_scroll_to' , false );  _wpbc.calendar__set_param_value( 1 , 'booking_max_monthes_in_calendar' , '1y' );  _wpbc.calendar__set_param_value( 1 , 'booking_start_day_weeek' , '1' );  _wpbc.calendar__set_param_value( 1 , 'calendar_number_of_months' , '1' );   _wpbc.calendar__set_param_value( 1, 'days_select_mode', 'dynamic' );   _wpbc.calendar__set_param_value( 1, 'fixed__days_num', 3 );   _wpbc.calendar__set_param_value( 1, 'fixed__week_days__start',   [-1] );   _wpbc.calendar__set_param_value( 1, 'dynamic__days_min', 3 );   _wpbc.calendar__set_param_value( 1, 'dynamic__days_max', 30 );   _wpbc.calendar__set_param_value( 1, 'dynamic__days_specific',    [] );   _wpbc.calendar__set_param_value( 1, 'dynamic__week_days__start', [-1] );   _wpbc.calendar__set_param_value( 1, 'booking_date_format', 'j M Y' );   _wpbc.calendar__set_param_value( 1, 'booking_time_format', 'H:i' );  _wpbc.calendar__set_param_value( 1 , 'booking_recurrent_time' , 'Off' );   if ( 'function' === typeof ( wpbc__conditions__SAVE_INITIAL__days_selection_params__bm ) ){ wpbc__conditions__SAVE_INITIAL__days_selection_params__bm( 1 ); }   wpbc_calendar_show( '1' );   _wpbc.set_secure_param( 'nonce',   '200f71856c' );   _wpbc.set_secure_param( 'user_id', '0' );   _wpbc.set_secure_param( 'locale',  'en_US' );  wpbc_calendar__load_data__ajx( {\"resource_id\":1,\"booking_hash\":\"\",\"request_uri\":\"\\\/en\\\/wp-json\\\/wp\\\/v2\\\/pages\\\/30312\",\"custom_form\":\"standard\",\"aggregate_resource_id_str\":\"\",\"aggregate_type\":\"all\"} ); } ); }, 500 ); })();<\/script><div  id=\"gateway_payment_forms  \"><\/div>\n","protected":false},"excerpt":{"rendered":"","protected":false},"author":1,"featured_media":0,"parent":0,"menu_order":0,"comment_status":"closed","ping_status":"closed","template":"","meta":{"_et_pb_use_builder":"","_et_pb_old_content":"","_et_gb_content_width":"","inline_featured_image":false,"footnotes":""},"class_list":["post-30312","page","type-page","status-publish","hentry"],"_links":{"self":[{"href":"https:\/\/autocampjami.sk\/en\/wp-json\/wp\/v2\/pages\/30312","targetHints":{"allow":["GET"]}}],"collection":[{"href":"https:\/\/autocampjami.sk\/en\/wp-json\/wp\/v2\/pages"}],"about":[{"href":"https:\/\/autocampjami.sk\/en\/wp-json\/wp\/v2\/types\/page"}],"author":[{"embeddable":true,"href":"https:\/\/autocampjami.sk\/en\/wp-json\/wp\/v2\/users\/1"}],"replies":[{"embeddable":true,"href":"https:\/\/autocampjami.sk\/en\/wp-json\/wp\/v2\/comments?post=30312"}],"version-history":[{"count":0,"href":"https:\/\/autocampjami.sk\/en\/wp-json\/wp\/v2\/pages\/30312\/revisions"}],"wp:attachment":[{"href":"https:\/\/autocampjami.sk\/en\/wp-json\/wp\/v2\/media?parent=30312"}],"curies":[{"name":"wp","href":"https:\/\/api.w.org\/{rel}","templated":true}]}}