{"id":30349,"date":"2025-02-21T10:13:05","date_gmt":"2025-02-21T09:13:05","guid":{"rendered":"https:\/\/autocampjami.sk\/adrenaline-on-the-water\/"},"modified":"2025-02-21T14:13:43","modified_gmt":"2025-02-21T13:13:43","slug":"adrenaline-on-the-water","status":"publish","type":"page","link":"https:\/\/autocampjami.sk\/en\/adrenaline-on-the-water\/","title":{"rendered":"Adrenaline on the water"},"content":{"rendered":"<p>[et_pb_section fb_built=&#8221;1&#8243; _builder_version=&#8221;4.16&#8243; _module_preset=&#8221;default&#8221; use_background_color_gradient=&#8221;on&#8221; background_color_gradient_stops=&#8221;rgba(0,0,0,0) 0%|#000000 100%&#8221; background_color_gradient_overlays_image=&#8221;on&#8221; background_color_gradient_start=&#8221;rgba(0,0,0,0)&#8221; background_color_gradient_end=&#8221;#000000&#8243; background_image=&#8221;https:\/\/autocampjami.sk\/wp-content\/uploads\/2025\/02\/5.ADRENALIN-NA-VODE.-1.jpg&#8221; custom_padding=&#8221;246px||43px||false|false&#8221; global_colors_info=&#8221;{}&#8221; theme_builder_area=&#8221;post_content&#8221;][et_pb_row _builder_version=&#8221;4.16&#8243; _module_preset=&#8221;default&#8221; custom_padding=&#8221;0px||15px|||&#8221; global_colors_info=&#8221;{}&#8221; theme_builder_area=&#8221;post_content&#8221;][et_pb_column type=&#8221;4_4&#8243; _builder_version=&#8221;4.16&#8243; _module_preset=&#8221;default&#8221; global_colors_info=&#8221;{}&#8221; theme_builder_area=&#8221;post_content&#8221;][et_pb_text _builder_version=&#8221;4.16&#8243; _module_preset=&#8221;default&#8221; text_font=&#8221;Montserrat|900|||||||&#8221; text_text_color=&#8221;#FFFFFF&#8221; text_font_size=&#8221;60px&#8221; text_line_height=&#8221;1.2em&#8221; custom_margin=&#8221;||9px|||&#8221; text_font_size_tablet=&#8221;&#8221; text_font_size_phone=&#8221;35px&#8221; text_font_size_last_edited=&#8221;on|phone&#8221; global_colors_info=&#8221;{}&#8221; theme_builder_area=&#8221;post_content&#8221;]<\/p>\n<p>Adrenal\u00edn na vode<\/p>\n<p>[\/et_pb_text][\/et_pb_column][\/et_pb_row][\/et_pb_section][et_pb_section fb_built=&#8221;1&#8243; _builder_version=&#8221;4.16&#8243; _module_preset=&#8221;default&#8221; custom_padding=&#8221;49px||19px|||&#8221; global_colors_info=&#8221;{}&#8221; theme_builder_area=&#8221;post_content&#8221;][et_pb_row _builder_version=&#8221;4.16&#8243; _module_preset=&#8221;default&#8221; custom_padding=&#8221;0px||15px|||&#8221; global_colors_info=&#8221;{}&#8221; theme_builder_area=&#8221;post_content&#8221;][et_pb_column type=&#8221;4_4&#8243; _builder_version=&#8221;4.16&#8243; _module_preset=&#8221;default&#8221; global_colors_info=&#8221;{}&#8221; theme_builder_area=&#8221;post_content&#8221;][et_pb_text _builder_version=&#8221;4.16&#8243; _module_preset=&#8221;default&#8221; text_font=&#8221;Montserrat|900|||||||&#8221; text_text_color=&#8221;#000000&#8243; text_font_size=&#8221;30px&#8221; text_line_height=&#8221;1.2em&#8221; custom_margin=&#8221;||12px|||&#8221; global_colors_info=&#8221;{}&#8221; theme_builder_area=&#8221;post_content&#8221;]<\/p>\n<p>Za\u017ei adrenal\u00ednov\u00fa z\u00e1bavu na vode<\/p>\n<p>[\/et_pb_text][et_pb_text _builder_version=&#8221;4.16&#8243; _module_preset=&#8221;default&#8221; custom_padding=&#8221;0px||4px|||&#8221; global_colors_info=&#8221;{}&#8221; theme_builder_area=&#8221;post_content&#8221;]<\/p>\n<p><span>Chce\u0161 za\u017ei\u0165 em\u00f3ciu, r\u00fdchlos\u0165, slobodu na vln\u00e1ch Oravskej priehrady ?<\/span><br \/> <span>Vysk\u00fa\u0161aj vodn\u00fd sk\u00fater, na ktorom za\u017eije\u0161 jedine\u010dn\u00fd z\u00e1\u017eitok o\u00a0ktor\u00fd sa m\u00f4\u017ee\u0161 podeli\u0165 zo\u00a0<\/span><span>svoj\u00edm priate\u013eom. (Sk\u00fater je dvojmiestny.)<\/span><br \/> <span>Ak si netr\u00fafa\u0161 s\u00e1m poskytneme ti in\u0161truktora.<\/span><br \/> <span>Pre milovn\u00edkov pohybu je tu alternat\u00edva zimn\u00fdch \u0161portov.<\/span><\/p>\n<p><strong>-Vodn\u00e9 ly\u017ee<\/strong><br \/> <strong>-Wakeboard<\/strong><br \/> <strong>-Kneeboard<\/strong><\/p>\n<p><span>A to aj pre t\u00fdch, ktor\u00fd to nikdy nesk\u00fa\u0161ali. Na\u0161i in\u0161truktori V\u00e1m to radi vysvetlia.<\/span><\/p>\n<p>[\/et_pb_text][\/et_pb_column][\/et_pb_row][et_pb_row _builder_version=&#8221;4.16&#8243; _module_preset=&#8221;default&#8221; custom_padding=&#8221;8px||0px|||&#8221; global_colors_info=&#8221;{}&#8221; theme_builder_area=&#8221;post_content&#8221;][et_pb_column type=&#8221;4_4&#8243; _builder_version=&#8221;4.16&#8243; _module_preset=&#8221;default&#8221; global_colors_info=&#8221;{}&#8221; theme_builder_area=&#8221;post_content&#8221;][et_pb_code _builder_version=&#8221;4.16&#8243; _module_preset=&#8221;default&#8221; text_orientation=&#8221;left&#8221; global_colors_info=&#8221;{}&#8221; theme_builder_area=&#8221;post_content&#8221;]<html><!-- [et_pb_line_break_holder] --><head><!-- [et_pb_line_break_holder] --><\/pee>\n<style><!-- [et_pb_line_break_holder] -->table {<!-- [et_pb_line_break_holder] -->  font-family: montserrat, sans-serif;<!-- [et_pb_line_break_holder] -->  border-collapse: collapse;<!-- [et_pb_line_break_holder] -->  width: 100%;<!-- [et_pb_line_break_holder] -->}<!-- [et_pb_line_break_holder] -->  <!-- [et_pb_line_break_holder] -->th<!-- [et_pb_line_break_holder] -->  <!-- [et_pb_line_break_holder] -->td {<!-- [et_pb_line_break_holder] -->  text-align: left;<!-- [et_pb_line_break_holder] -->  padding: 8px;<!-- [et_pb_line_break_holder] -->  color: rgb(0,0,0);<!-- [et_pb_line_break_holder] -->  font-weight: bold;<!-- [et_pb_line_break_holder] -->}<!-- [et_pb_line_break_holder] --> <!-- [et_pb_line_break_holder] -->tr:nth-child(even) {<!-- [et_pb_line_break_holder] -->  background-color: #dddddd;<!-- [et_pb_line_break_holder] -->}<!-- [et_pb_line_break_holder] --><\/style>\n<pee><!-- [et_pb_line_break_holder] --><\/head><!-- [et_pb_line_break_holder] --><body><!-- [et_pb_line_break_holder] --><!-- [et_pb_line_break_holder] --><\/pee>\n<h2><\/h2>\n<pee><!-- [et_pb_line_break_holder] --><!-- [et_pb_line_break_holder] --><\/pee>\n<table><!-- [et_pb_line_break_holder] -->  <\/pee>\n<tr><!-- [et_pb_line_break_holder] -->    <\/pee>\n<th><\/th>\n<pee><!-- [et_pb_line_break_holder] -->    <\/pee>\n<th>10 min<\/th>\n<pee><!-- [et_pb_line_break_holder] -->    <\/pee>\n<th>Na dlh\u0161\u00ed \u010das<\/th>\n<pee><!-- [et_pb_line_break_holder] -->  <\/tr>\n<pee><!-- [et_pb_line_break_holder] -->  <\/pee>\n<tr><!-- [et_pb_line_break_holder] -->    <\/pee>\n<td>Vodn\u00fd skuter ( 2miestn\u00fd YAMAHA 110 HP )<\/td>\n<pee><!-- [et_pb_line_break_holder] -->    <\/pee>\n<td>40 \u20ac<\/td>\n<pee><!-- [et_pb_line_break_holder] -->    <\/pee>\n<td>Dohodou<\/td>\n<pee><!-- [et_pb_line_break_holder] -->  <\/tr>\n<pee><!-- [et_pb_line_break_holder] -->  <\/pee>\n<tr><!-- [et_pb_line_break_holder] -->    <\/pee>\n<td>SKI , WAKEBOARD, KNEEBOARD s in\u0161trukt\u00e1\u017eou<\/td>\n<pee><!-- [et_pb_line_break_holder] -->    <\/pee>\n<td>40 \u20ac<\/td>\n<pee><!-- [et_pb_line_break_holder] -->     <\/pee>\n<td>&#8211;<\/td>\n<pee><!-- [et_pb_line_break_holder] -->  <\/tr>\n<pee><!-- [et_pb_line_break_holder] --> <!-- [et_pb_line_break_holder] -->  <\/pee>\n<tr><!-- [et_pb_line_break_holder] --><\/table>\n<pee><!-- [et_pb_line_break_holder] --><!-- [et_pb_line_break_holder] --><\/body><!-- [et_pb_line_break_holder] --><\/html>[\/et_pb_code][\/et_pb_column][\/et_pb_row][\/et_pb_section][et_pb_section fb_built=&#8221;1&#8243; _builder_version=&#8221;4.16&#8243; _module_preset=&#8221;default&#8221; custom_padding=&#8221;0px||8px|||&#8221; global_colors_info=&#8221;{}&#8221; theme_builder_area=&#8221;post_content&#8221;][et_pb_row _builder_version=&#8221;4.16&#8243; _module_preset=&#8221;default&#8221; custom_padding=&#8221;20px|||||&#8221; global_colors_info=&#8221;{}&#8221; theme_builder_area=&#8221;post_content&#8221;][et_pb_column type=&#8221;4_4&#8243; _builder_version=&#8221;4.16&#8243; _module_preset=&#8221;default&#8221; global_colors_info=&#8221;{}&#8221; theme_builder_area=&#8221;post_content&#8221;][et_pb_gallery gallery_ids=&#8221;30071,30072,30070&#8243; posts_number=&#8221;3&#8243; show_title_and_caption=&#8221;off&#8221; show_pagination=&#8221;off&#8221; zoom_icon_color=&#8221;#F7931C&#8221; hover_icon=&#8221;&#x54;||divi||400&#8243; _builder_version=&#8221;4.16&#8243; _module_preset=&#8221;default&#8221; global_colors_info=&#8221;{}&#8221; theme_builder_area=&#8221;post_content&#8221;][\/et_pb_gallery][\/et_pb_column][\/et_pb_row][\/et_pb_section]<\/p>\n","protected":false},"excerpt":{"rendered":"<p>Adrenal\u00edn na vode Za\u017ei adrenal\u00ednov\u00fa z\u00e1bavu na vode Chce\u0161 za\u017ei\u0165 em\u00f3ciu, r\u00fdchlos\u0165, slobodu na vln\u00e1ch Oravskej priehrady ? Vysk\u00fa\u0161aj vodn\u00fd sk\u00fater, na ktorom za\u017eije\u0161 jedine\u010dn\u00fd z\u00e1\u017eitok o\u00a0ktor\u00fd sa m\u00f4\u017ee\u0161 podeli\u0165 zo\u00a0svoj\u00edm priate\u013eom. (Sk\u00fater je dvojmiestny.) Ak si netr\u00fafa\u0161 s\u00e1m poskytneme ti in\u0161truktora. Pre milovn\u00edkov pohybu je tu alternat\u00edva zimn\u00fdch \u0161portov. -Vodn\u00e9 ly\u017ee -Wakeboard -Kneeboard A [&hellip;]<\/p>\n","protected":false},"author":1,"featured_media":0,"parent":0,"menu_order":0,"comment_status":"closed","ping_status":"closed","template":"","meta":{"_et_pb_use_builder":"on","_et_pb_old_content":"","_et_gb_content_width":"","inline_featured_image":false,"footnotes":""},"class_list":["post-30349","page","type-page","status-publish","hentry"],"_links":{"self":[{"href":"https:\/\/autocampjami.sk\/en\/wp-json\/wp\/v2\/pages\/30349","targetHints":{"allow":["GET"]}}],"collection":[{"href":"https:\/\/autocampjami.sk\/en\/wp-json\/wp\/v2\/pages"}],"about":[{"href":"https:\/\/autocampjami.sk\/en\/wp-json\/wp\/v2\/types\/page"}],"author":[{"embeddable":true,"href":"https:\/\/autocampjami.sk\/en\/wp-json\/wp\/v2\/users\/1"}],"replies":[{"embeddable":true,"href":"https:\/\/autocampjami.sk\/en\/wp-json\/wp\/v2\/comments?post=30349"}],"version-history":[{"count":2,"href":"https:\/\/autocampjami.sk\/en\/wp-json\/wp\/v2\/pages\/30349\/revisions"}],"predecessor-version":[{"id":30371,"href":"https:\/\/autocampjami.sk\/en\/wp-json\/wp\/v2\/pages\/30349\/revisions\/30371"}],"wp:attachment":[{"href":"https:\/\/autocampjami.sk\/en\/wp-json\/wp\/v2\/media?parent=30349"}],"curies":[{"name":"wp","href":"https:\/\/api.w.org\/{rel}","templated":true}]}}